{"id":20,"date":"2015-04-20T21:02:20","date_gmt":"2015-04-20T20:02:20","guid":{"rendered":"http:\/\/www.lamapsbc.net\/blog\/?page_id=20"},"modified":"2023-12-06T18:57:48","modified_gmt":"2023-12-06T17:57:48","slug":"oeufs","status":"publish","type":"page","link":"https:\/\/www.lamapsbc.net\/?page_id=20","title":{"rendered":"Oeufs"},"content":{"rendered":"<p><strong>Nicolas <\/strong>et<strong> Nathalie BEAUFILS, <\/strong>pour<strong> \u00ab\u00a0Les Jardins de Priape\u00a0\u00bb<\/strong><br \/>\n16, Hameau de Cruaux &#8211;\u00a002220 Ch\u00e9ry-Chartreuve<br \/>\nSite internet : <a href=\"http:\/\/lesjardinsdepriape.fr\/\">http:\/\/lesjardinsdepriape.fr\/<\/a><\/p>\n<p><img decoding=\"async\" class=\"aligncenter\" src=\"http:\/\/lesjardinsdepriape.fr\/wp-content\/uploads\/2017\/06\/logo200.png\" alt=\"Les Jardins de Priape \u2013 02220 Ch\u00e9ry Chartreuve\" \/><\/p>\n<blockquote><p>\u00ab\u00a0Les Jardins de Priape, ce sont treize hectares de cultures mara\u00eech\u00e8res certifi\u00e9es Agriculture Biologique \u00e0 Ch\u00e9ry Chartreuve dans l&rsquo;Aisne. Les l\u00e9gumes y sont cultiv\u00e9s tout au long de l&rsquo;ann\u00e9e, suivant le rythme des saisons, sans engrais chimiques ni pesticides.<\/p>\n<p>Aux Jardins de Priape, il y a aussi des poules pondeuses, des fruits (rhubarbe, fraises&#8230;), des herbes aromatiques (thym, lavande, menthe&#8230;.). Ils proposent \u00e9galement du jus de pomme et de poire, du cidre, de la choucroute, des lentilles, de la farine, des graines germ\u00e9es, tous produits r\u00e9gionaux issus de l&rsquo;agriculture biologique.\u00a0\u00bb<img decoding=\"async\" loading=\"lazy\" class=\" size-medium wp-image-126 alignright\" src=\"http:\/\/www.lamapsbc.net\/blog\/wp-content\/uploads\/2015\/04\/poules-300x201.jpg\" alt=\"poules\" width=\"300\" height=\"201\" srcset=\"https:\/\/www.lamapsbc.net\/blog\/wp-content\/uploads\/2015\/04\/poules-300x201.jpg 300w, https:\/\/www.lamapsbc.net\/blog\/wp-content\/uploads\/2015\/04\/poules-600x401.jpg 600w, https:\/\/www.lamapsbc.net\/blog\/wp-content\/uploads\/2015\/04\/poules.jpg 800w\" sizes=\"(max-width: 300px) 100vw, 300px\" \/><\/p><\/blockquote>\n<p>Le contrat liant notre AMAP et les Jardins de Priape, situ\u00e9s \u00e0 35km de St Brice-Courcelles, permet aux adh\u00e9rents d&rsquo;avoir chaque semaine dans leur panier des \u0153ufs bio, et, suivant les disponibilit\u00e9s, des rillettes, des poules en gel\u00e9e.<\/p>\n<p>Pour plus d&rsquo;informations, vous pouvez prendre <a href=\"http:\/\/www.lamapsbc.net\/blog\/?page_id=11\">contact<\/a>\u00a0avec notre amapienne r\u00e9f\u00e9rente \u00ab\u00a0Oeufs\u00a0\u00bb :<span class=\"bbc_color\"> Caroline Grapard.<\/span><\/p>\n","protected":false},"excerpt":{"rendered":"<p>Nicolas et Nathalie BEAUFILS, pour \u00ab\u00a0Les Jardins de Priape\u00a0\u00bb 16, Hameau de Cruaux &#8211;\u00a002220 Ch\u00e9ry-Chartreuve Site internet : http:\/\/lesjardinsdepriape.fr\/ \u00ab\u00a0Les Jardins de Priape, ce sont treize hectares de cultures mara\u00eech\u00e8res certifi\u00e9es Agriculture Biologique \u00e0 Ch\u00e9ry Chartreuve dans l&rsquo;Aisne. Les l\u00e9gumes&hellip; <br \/><a class=\"read-more-button\" href=\"https:\/\/www.lamapsbc.net\/?page_id=20\">Savoir plus<\/a><\/p>\n","protected":false},"author":1,"featured_media":0,"parent":0,"menu_order":2,"comment_status":"closed","ping_status":"closed","template":"","meta":{"footnotes":""},"_links":{"self":[{"href":"https:\/\/www.lamapsbc.net\/index.php?rest_route=\/wp\/v2\/pages\/20"}],"collection":[{"href":"https:\/\/www.lamapsbc.net\/index.php?rest_route=\/wp\/v2\/pages"}],"about":[{"href":"https:\/\/www.lamapsbc.net\/index.php?rest_route=\/wp\/v2\/types\/page"}],"author":[{"embeddable":true,"href":"https:\/\/www.lamapsbc.net\/index.php?rest_route=\/wp\/v2\/users\/1"}],"replies":[{"embeddable":true,"href":"https:\/\/www.lamapsbc.net\/index.php?rest_route=%2Fwp%2Fv2%2Fcomments&post=20"}],"version-history":[{"count":13,"href":"https:\/\/www.lamapsbc.net\/index.php?rest_route=\/wp\/v2\/pages\/20\/revisions"}],"predecessor-version":[{"id":1080,"href":"https:\/\/www.lamapsbc.net\/index.php?rest_route=\/wp\/v2\/pages\/20\/revisions\/1080"}],"wp:attachment":[{"href":"https:\/\/www.lamapsbc.net\/index.php?rest_route=%2Fwp%2Fv2%2Fmedia&parent=20"}],"curies":[{"name":"wp","href":"https:\/\/api.w.org\/{rel}","templated":true}]}}