{"id":32,"date":"2015-04-20T21:12:49","date_gmt":"2015-04-20T20:12:49","guid":{"rendered":"http:\/\/www.lamapsbc.net\/blog\/?page_id=32"},"modified":"2024-07-21T16:17:35","modified_gmt":"2024-07-21T15:17:35","slug":"qui-sommes-nous","status":"publish","type":"page","link":"https:\/\/www.lamapsbc.net\/?page_id=32","title":{"rendered":"Qui sommes-nous ?"},"content":{"rendered":"<p>Le but de <span class=\"bbc_size\"><strong>l&rsquo;AMAP de saint Brice Courcelles<\/strong><\/span> (Association pour le Maintien de l&rsquo;Agriculture Paysanne) est :<\/p>\n<ul>\n<li>D&rsquo;encourager et de p\u00e9renniser une agriculture paysanne biologique ou naturelle, de proximit\u00e9 et de qualit\u00e9, socialement \u00e9quitable et \u00e9conomiquement viable, notamment par le biais d\u2019un partenariat solidaire entre producteurs et consommateurs.<\/li>\n<li>De fournir et de garantir \u00e0 ses adh\u00e9rents des produits alimentaires (l\u00e9gumes, \u0153ufs, &#8230;) de qualit\u00e9, sains et \u00e9quilibr\u00e9s, de promouvoir les produits bio.<\/li>\n<li>De cr\u00e9er un contact privil\u00e9gi\u00e9 entre producteurs et consommateurs.<\/li>\n<li>D\u2019impliquer les consommateurs dans la production biologique et de les sensibiliser aux particularit\u00e9s de cette agriculture paysanne, par le biais de diff\u00e9rentes initiatives, comme aider le mara\u00eecher au plus fort de la saison des semis, propos\u00e9 des films et des d\u00e9bats autour de th\u00e8mes similaires, de participer \u00e0 toute r\u00e9flexion sur le sujet, de se rendre sur les diff\u00e9rentes exploitations ou toute autre manifestation.<\/li>\n<li>De cr\u00e9er un lien social entre ses adh\u00e9rents, par le biais de manifestations (concours de soupe, lors des permanences partage convivial de diff\u00e9rents produits r\u00e9gionaux&#8230;).<\/li>\n<li>D\u2019organiser et de participer \u00e0 des actions d\u2019information et de sensibilisation \u00e0 l\u2019agriculture biologique par divers moyens tels que la diffusion de documentaires, l\u2019organisation de conf\u00e9rences, etc.<\/li>\n<li>D\u2019aider, dans la mesure de ses moyens humains et financiers, au maintien d\u2019une agriculture biologique, par exemple en adh\u00e9rant \u00e0 des associations en relation avec ses objectifs telles que Terre de Liens ou en soutenant l\u2019installation d\u2019un mara\u00eecher bio. L&rsquo;AMAP est adh\u00e9rente \u00e0 d&rsquo;autres associations, notamment MIRAMAP, mouvement Inter R\u00e9gional des AMAP et Terre de Liens. plus d&rsquo;informations <a class=\"bbc_link\" href=\"http:\/\/miramap.org\/-MIRAMAP-.html\" target=\"_blank\" rel=\"noopener\">ici <\/a>et\u00a0<a class=\"bbc_link\" href=\"http:\/\/www.terredeliens.org\/champagne-ardenne\" target=\"_blank\" rel=\"noopener\">ici<\/a><\/li>\n<\/ul>\n<p><strong>Le C<\/strong><strong>onseil d\u2019Administration pour l&rsquo;ann\u00e9e 2024-2025 est compos\u00e9 de :<\/strong><\/p>\n<ul>\n<li>Pr\u00e9sident : <strong>Caroline Grapard<\/strong><\/li>\n<li>Tr\u00e9sorier : <b>Olivier Bouchenies<\/b><\/li>\n<li>Secr\u00e9taire : <b>Annie Brillaud<\/b><\/li>\n<\/ul>\n","protected":false},"excerpt":{"rendered":"<p>Le but de l&rsquo;AMAP de saint Brice Courcelles (Association pour le Maintien de l&rsquo;Agriculture Paysanne) est : D&rsquo;encourager et de p\u00e9renniser une agriculture paysanne biologique ou naturelle, de proximit\u00e9 et de qualit\u00e9, socialement \u00e9quitable et \u00e9conomiquement viable, notamment par le&hellip; <br \/><a class=\"read-more-button\" href=\"https:\/\/www.lamapsbc.net\/?page_id=32\">Savoir plus<\/a><\/p>\n","protected":false},"author":1,"featured_media":0,"parent":0,"menu_order":0,"comment_status":"closed","ping_status":"open","template":"","meta":{"footnotes":""},"_links":{"self":[{"href":"https:\/\/www.lamapsbc.net\/index.php?rest_route=\/wp\/v2\/pages\/32"}],"collection":[{"href":"https:\/\/www.lamapsbc.net\/index.php?rest_route=\/wp\/v2\/pages"}],"about":[{"href":"https:\/\/www.lamapsbc.net\/index.php?rest_route=\/wp\/v2\/types\/page"}],"author":[{"embeddable":true,"href":"https:\/\/www.lamapsbc.net\/index.php?rest_route=\/wp\/v2\/users\/1"}],"replies":[{"embeddable":true,"href":"https:\/\/www.lamapsbc.net\/index.php?rest_route=%2Fwp%2Fv2%2Fcomments&post=32"}],"version-history":[{"count":12,"href":"https:\/\/www.lamapsbc.net\/index.php?rest_route=\/wp\/v2\/pages\/32\/revisions"}],"predecessor-version":[{"id":1095,"href":"https:\/\/www.lamapsbc.net\/index.php?rest_route=\/wp\/v2\/pages\/32\/revisions\/1095"}],"wp:attachment":[{"href":"https:\/\/www.lamapsbc.net\/index.php?rest_route=%2Fwp%2Fv2%2Fmedia&parent=32"}],"curies":[{"name":"wp","href":"https:\/\/api.w.org\/{rel}","templated":true}]}}