{"id":34,"date":"2015-04-20T21:13:06","date_gmt":"2015-04-20T20:13:06","guid":{"rendered":"http:\/\/www.lamapsbc.net\/blog\/?page_id=34"},"modified":"2024-07-21T16:24:50","modified_gmt":"2024-07-21T15:24:50","slug":"fonctionnement","status":"publish","type":"page","link":"https:\/\/www.lamapsbc.net\/?page_id=34","title":{"rendered":"Fonctionnement"},"content":{"rendered":"<p><span class=\"bbc_size\"><span class=\"bbc_font\">Les distributions ont lieu au Centre Social de St Brice-Courcelles <strong>tous les mercredis, de 18h30 \u00e0 19h (place Jacques Brel).<\/strong><\/span><\/span><\/p>\n<p><span class=\"bbc_size\"><span class=\"bbc_font\">Chaque mercredi, trois amapiens souriants vous accueillent pour la distribution des l\u00e9gumes (pes\u00e9e, mise en sachet, etc.), des \u0153ufs, etc. Concernant les fruits, chaque amapien s&rsquo;occupe de la pes\u00e9e.<\/span><\/span><\/p>\n<p><img decoding=\"async\" class=\"bbc_img aligncenter\" src=\"https:\/\/dl.dropbox.com\/s\/61zvg1jv0hqgxgn\/_MG_4788.jpg?dl=0\" alt=\"\" \/><\/p>\n<p>Attention chaque amapien vient chercher son panier ou charge quelqu&rsquo;un de le faire. Tout panier non r\u00e9cup\u00e9r\u00e9 aux jours et heures pr\u00e9vus sera rendu au producteur ou partag\u00e9 entre les adh\u00e9rents pr\u00e9sents et ne sera pas remplac\u00e9.<\/p>\n<p>Une fois par an, nous nous retrouvons tous, pour notre assembl\u00e9e g\u00e9n\u00e9rale. Il nous est pr\u00e9sent\u00e9 les rapports : moral, d&rsquo;activit\u00e9 et financier. Nous \u00e9lisons notre nouveau CA.<\/p>\n","protected":false},"excerpt":{"rendered":"<p>Les distributions ont lieu au Centre Social de St Brice-Courcelles tous les mercredis, de 18h30 \u00e0 19h (place Jacques Brel). Chaque mercredi, trois amapiens souriants vous accueillent pour la distribution des l\u00e9gumes (pes\u00e9e, mise en sachet, etc.), des \u0153ufs, etc.&hellip; <br \/><a class=\"read-more-button\" href=\"https:\/\/www.lamapsbc.net\/?page_id=34\">Savoir plus<\/a><\/p>\n","protected":false},"author":1,"featured_media":0,"parent":0,"menu_order":2,"comment_status":"closed","ping_status":"open","template":"","meta":{"footnotes":""},"_links":{"self":[{"href":"https:\/\/www.lamapsbc.net\/index.php?rest_route=\/wp\/v2\/pages\/34"}],"collection":[{"href":"https:\/\/www.lamapsbc.net\/index.php?rest_route=\/wp\/v2\/pages"}],"about":[{"href":"https:\/\/www.lamapsbc.net\/index.php?rest_route=\/wp\/v2\/types\/page"}],"author":[{"embeddable":true,"href":"https:\/\/www.lamapsbc.net\/index.php?rest_route=\/wp\/v2\/users\/1"}],"replies":[{"embeddable":true,"href":"https:\/\/www.lamapsbc.net\/index.php?rest_route=%2Fwp%2Fv2%2Fcomments&post=34"}],"version-history":[{"count":8,"href":"https:\/\/www.lamapsbc.net\/index.php?rest_route=\/wp\/v2\/pages\/34\/revisions"}],"predecessor-version":[{"id":1102,"href":"https:\/\/www.lamapsbc.net\/index.php?rest_route=\/wp\/v2\/pages\/34\/revisions\/1102"}],"wp:attachment":[{"href":"https:\/\/www.lamapsbc.net\/index.php?rest_route=%2Fwp%2Fv2%2Fmedia&parent=34"}],"curies":[{"name":"wp","href":"https:\/\/api.w.org\/{rel}","templated":true}]}}