{"id":36,"date":"2015-04-20T21:13:26","date_gmt":"2015-04-20T20:13:26","guid":{"rendered":"http:\/\/www.lamapsbc.net\/blog\/?page_id=36"},"modified":"2025-08-17T18:07:16","modified_gmt":"2025-08-17T17:07:16","slug":"statuts-et-contrats","status":"publish","type":"page","link":"https:\/\/www.lamapsbc.net\/?page_id=36","title":{"rendered":"Statuts et contrats"},"content":{"rendered":"<p><strong>Vous pouvez consulter :<\/strong><\/p>\n<p>Les statuts de notre association : <a href=\"http:\/\/www.lamapsbc.net\/blog\/wp-content\/uploads\/2018\/09\/Statuts-2018.pdf\">ici<\/a><br \/>\nLe r\u00e8glement int\u00e9rieur : <a href=\"https:\/\/dl.dropbox.com\/s\/55kk4gy60uo6l5l\/R%C3%A9glement%20Int%C3%A9rieur_AMAP_SBC.pdf?dl=0\" target=\"_blank\" rel=\"noopener\">ici<\/a><\/p>\n<hr \/>\n<p><strong>Contrats et adh\u00e9sions pour la saison 2025\/2026<\/strong><\/p>\n<p>Bulletin d&rsquo;adh\u00e9sion \u00e0 l&rsquo;AMAP et adh\u00e9sion au Centre social : <a href=\"http:\/\/www.lamapsbc.net\/blog\/wp-content\/uploads\/2025\/08\/2025-2026-bulletin-d-adhesion-AMAP-.pdf\">ici<\/a><br \/>\nContrat \u00ab\u00a0L\u00e9gumes &amp; oeufs\u00a0\u00bb : <a href=\"http:\/\/www.lamapsbc.net\/blog\/wp-content\/uploads\/2025\/08\/2025-2026-contrat-legumes-oeufs-Beaufils-3.pdf\">ici<\/a><br \/>\nContrat \u00ab\u00a0Conserves\u00a0\u00bb : <a href=\"http:\/\/www.lamapsbc.net\/blog\/wp-content\/uploads\/2025\/08\/2025-2026-Contrats-conserves-1.pdf\">ici<\/a><br \/>\nContrat \u00ab\u00a0Savons\u00a0\u00bb : <a href=\"http:\/\/www.lamapsbc.net\/blog\/wp-content\/uploads\/2025\/08\/2025-2026-contrat-Savons-3.pdf\">ici<\/a><br \/>\nContrat \u00ab\u00a0Fruits\u00a0\u00bb : <a href=\"http:\/\/www.lamapsbc.net\/blog\/wp-content\/uploads\/2025\/08\/2025-2026-contrat-fruits-Bouvy-1.pdf\">ici<\/a><br \/>\nContrat \u00ab\u00a0Champignons\u00a0\u00bb : <a href=\"http:\/\/www.lamapsbc.net\/blog\/wp-content\/uploads\/2025\/08\/2025-2026-contrat-champignons-2.pdf\">ici<\/a><br \/>\n<span style=\"font-size: revert; color: initial;\">Calendrier 2024-2025 : <a href=\"http:\/\/www.lamapsbc.net\/blog\/wp-content\/uploads\/2025\/08\/Calendrier.pdf\">ici<\/a><\/span><\/p>\n","protected":false},"excerpt":{"rendered":"<p>Vous pouvez consulter : Les statuts de notre association : ici Le r\u00e8glement int\u00e9rieur : ici Contrats et adh\u00e9sions pour la saison 2025\/2026 Bulletin d&rsquo;adh\u00e9sion \u00e0 l&rsquo;AMAP et adh\u00e9sion au Centre social : ici Contrat \u00ab\u00a0L\u00e9gumes &amp; oeufs\u00a0\u00bb : ici&hellip; <br \/><a class=\"read-more-button\" href=\"https:\/\/www.lamapsbc.net\/?page_id=36\">Savoir plus<\/a><\/p>\n","protected":false},"author":1,"featured_media":0,"parent":0,"menu_order":3,"comment_status":"closed","ping_status":"open","template":"","meta":{"footnotes":""},"_links":{"self":[{"href":"https:\/\/www.lamapsbc.net\/index.php?rest_route=\/wp\/v2\/pages\/36"}],"collection":[{"href":"https:\/\/www.lamapsbc.net\/index.php?rest_route=\/wp\/v2\/pages"}],"about":[{"href":"https:\/\/www.lamapsbc.net\/index.php?rest_route=\/wp\/v2\/types\/page"}],"author":[{"embeddable":true,"href":"https:\/\/www.lamapsbc.net\/index.php?rest_route=\/wp\/v2\/users\/1"}],"replies":[{"embeddable":true,"href":"https:\/\/www.lamapsbc.net\/index.php?rest_route=%2Fwp%2Fv2%2Fcomments&post=36"}],"version-history":[{"count":38,"href":"https:\/\/www.lamapsbc.net\/index.php?rest_route=\/wp\/v2\/pages\/36\/revisions"}],"predecessor-version":[{"id":1143,"href":"https:\/\/www.lamapsbc.net\/index.php?rest_route=\/wp\/v2\/pages\/36\/revisions\/1143"}],"wp:attachment":[{"href":"https:\/\/www.lamapsbc.net\/index.php?rest_route=%2Fwp%2Fv2%2Fmedia&parent=36"}],"curies":[{"name":"wp","href":"https:\/\/api.w.org\/{rel}","templated":true}]}}